{"id":7053,"date":"2022-04-13T04:03:51","date_gmt":"2022-04-13T04:03:51","guid":{"rendered":"https:\/\/www.etkiyap.org\/?page_id=7053"},"modified":"2022-04-21T10:45:17","modified_gmt":"2022-04-21T10:45:17","slug":"media-kit","status":"publish","type":"page","link":"https:\/\/www.etkiyap.org\/en\/media-kit\/","title":{"rendered":"Media Kit"},"content":{"rendered":"<p>[vc_section full_width=&#8221;stretch_row&#8221; css=&#8221;.vc_custom_1650223389000{margin-top: 0px !important;margin-right: 0px !important;margin-bottom: 0px !important;margin-left: 0px !important;border-top-width: 0px !important;border-right-width: 0px !important;border-bottom-width: 0px !important;border-left-width: 0px !important;padding-top: 0px !important;padding-bottom: 0px !important;background-image: url(https:\/\/www.etkiyap.org\/wp-content\/uploads\/2022\/04\/ID.png?id=6624) !important;background-position: center !important;background-repeat: no-repeat !important;background-size: cover !important;}&#8221;][vc_row full_width=&#8221;stretch_row&#8221; full_height=&#8221;yes&#8221; css=&#8221;.vc_custom_1649815803267{margin-top: 0px !important;margin-right: 0px !important;margin-bottom: 0px !important;margin-left: 0px !important;border-top-width: 0px !important;border-right-width: 0px !important;border-bottom-width: 0px !important;border-left-width: 0px !important;padding-top: 0px !important;padding-bottom: 0px !important;background: rgba(0,0,0,0.3) url(https:\/\/www.etkiyap.org\/wp-content\/uploads\/2022\/04\/herobg.png?id=5458) !important;*background-color: rgb(0,0,0) !important;}&#8221; el_id=&#8221;landing_hero&#8221;][vc_column css_animation=&#8221;left-to-right&#8221; width=&#8221;5\/6&#8243; css=&#8221;.vc_custom_1649815780333{margin-top: 0px !important;margin-right: 0px !important;margin-bottom: 0px !important;margin-left: 0px !important;border-top-width: 0px !important;border-right-width: 0px !important;border-bottom-width: 0px !important;border-left-width: 0px !important;padding-top: 0px !important;padding-bottom: 0px !important;}&#8221;][vc_custom_heading text=&#8221;Media Kit&#8221; font_container=&#8221;tag:h2|font_size:20px|text_align:left|color:%23ffffff|line_height:1.5&#8243; use_theme_fonts=&#8221;yes&#8221; letter_spacing=&#8221;1&#8243; custom_font_weight=&#8221;900&#8243; css=&#8221;.vc_custom_1650537823578{margin-top: 0px !important;margin-right: 0px !important;margin-bottom: 0px !important;margin-left: 0px !important;padding-top: 0px !important;padding-right: 0px !important;padding-bottom: 0px !important;padding-left: 0px !important;}&#8221;][vc_separator color=&#8221;white&#8221; align=&#8221;align_left&#8221; border_width=&#8221;4&#8243; el_width=&#8221;10&#8243; css=&#8221;.vc_custom_1648808589708{margin-top: 10px !important;margin-bottom: 20px !important;border-top-width: 0px !important;border-right-width: 0px !important;border-bottom-width: 0px !important;border-left-width: 0px !important;padding-top: 0px !important;padding-right: 0px !important;padding-bottom: 0px !important;padding-left: 0px !important;}&#8221;][vc_custom_heading text=&#8221;Please find the brand guideline for Etkiyap and Impact Investing Association below:&#8221; font_container=&#8221;tag:h3|font_size:32px|text_align:left|color:%23ffffff|line_height:1.5&#8243; use_theme_fonts=&#8221;yes&#8221; letter_spacing=&#8221;1&#8243; custom_font_weight=&#8221;600&#8243; css=&#8221;.vc_custom_1650537835818{margin-top: 0px !important;margin-right: 0px !important;margin-bottom: 0px !important;margin-left: 0px !important;padding-top: 0px !important;padding-right: 0px !important;padding-bottom: 0px !important;padding-left: 0px !important;}&#8221;][vc_btn title=&#8221;Detailed Information&#8221; style=&#8221;outline-custom&#8221; outline_custom_color=&#8221;#ffffff&#8221; outline_custom_hover_background=&#8221;&#8221; outline_custom_hover_text=&#8221;&#8221; shape=&#8221;round&#8221; size=&#8221;lg&#8221; i_align=&#8221;right&#8221; i_icon_fontawesome=&#8221;fas fa-arrow-right&#8221; add_icon=&#8221;true&#8221; css=&#8221;.vc_custom_1650537846806{margin-top: 15px !important;margin-right: 0px !important;margin-bottom: 10px !important;margin-left: -5px !important;border-top-width: 0px !important;border-right-width: 0px !important;border-bottom-width: 0px !important;border-left-width: 0px !important;padding-top: 0px !important;padding-right: 0px !important;padding-bottom: 0px !important;padding-left: 0px !important;}&#8221; link=&#8221;url:%23section-2&#8243;][\/vc_column][\/vc_row][\/vc_section][vc_section full_width=&#8221;stretch_row&#8221; css=&#8221;.vc_custom_1649298897261{margin-top: -1px !important;margin-right: 0px !important;margin-bottom: 0px !important;margin-left: 0px !important;border-top-width: 0px !important;border-right-width: 0px !important;border-bottom-width: 0px !important;border-left-width: 0px !important;padding-top: 0px !important;padding-bottom: 0px !important;background-color: #ffffff !important;background-position: center !important;background-repeat: no-repeat !important;background-size: cover !important;}&#8221; el_id=&#8221;section-2&#8243;][vc_row full_width=&#8221;stretch_row&#8221; content_placement=&#8221;middle&#8221; css=&#8221;.vc_custom_1649816392300{margin-top: 0px !important;margin-right: 0px !important;margin-bottom: 0px !important;margin-left: 0px !important;border-top-width: 0px !important;border-right-width: 0px !important;border-bottom-width: 0px !important;border-left-width: 0px !important;padding-top: 30px !important;padding-bottom: 30px !important;}&#8221;][vc_column css_animation=&#8221;left-to-right&#8221; width=&#8221;1\/2&#8243; css=&#8221;.vc_custom_1649819296077{margin-top: 0px !important;margin-right: 0px !important;margin-bottom: 0px !important;margin-left: 0px !important;padding-top: 5% !important;padding-right: 5% !important;padding-bottom: 5% !important;padding-left: 5% !important;}&#8221; offset=&#8221;vc_col-xs-12&#8243;][vc_row_inner css=&#8221;.vc_custom_1649822251157{margin: 0px !important;padding: 0px !important;border: 0px initial !important;}&#8221;][vc_column_inner width=&#8221;1\/2&#8243; css=&#8221;.vc_custom_1649822686429{margin: 0px !important;padding: 15% !important;}&#8221;][vc_single_image image=&#8221;6241&#8243; img_size=&#8221;full&#8221; alignment=&#8221;center&#8221; onclick=&#8221;link_image&#8221; css=&#8221;.vc_custom_1649822320326{margin: 0px !important;padding: 0px !important;border: 0px initial !important;}&#8221;][\/vc_column_inner][vc_column_inner width=&#8221;1\/2&#8243; css=&#8221;.vc_custom_1649822691943{margin: 0px !important;padding: 15% !important;}&#8221;][vc_single_image image=&#8221;6243&#8243; img_size=&#8221;full&#8221; alignment=&#8221;center&#8221; onclick=&#8221;link_image&#8221; css=&#8221;.vc_custom_1649822329979{margin-top: 0px !important;margin-right: 0px !important;margin-bottom: 0px !important;margin-left: 0px !important;padding-top: 0px !important;padding-right: 0px !important;padding-bottom: 0px !important;padding-left: 0px !important;}&#8221;][\/vc_column_inner][\/vc_row_inner][vc_row_inner css=&#8221;.vc_custom_1649822251157{margin: 0px !important;padding: 0px !important;border: 0px initial !important;}&#8221;][vc_column_inner width=&#8221;1\/2&#8243; css=&#8221;.vc_custom_1649822697533{margin: 0px !important;padding: 15% !important;}&#8221;][vc_single_image image=&#8221;6239&#8243; img_size=&#8221;full&#8221; alignment=&#8221;center&#8221; onclick=&#8221;link_image&#8221; css=&#8221;.vc_custom_1649822342299{margin-top: 0px !important;margin-right: 0px !important;margin-bottom: 0px !important;margin-left: 0px !important;padding-top: 0px !important;padding-right: 0px !important;padding-bottom: 0px !important;padding-left: 0px !important;}&#8221;][\/vc_column_inner][vc_column_inner width=&#8221;1\/2&#8243; css=&#8221;.vc_custom_1649822705846{margin: 0px !important;padding: 15% !important;}&#8221;][vc_single_image image=&#8221;6237&#8243; img_size=&#8221;full&#8221; alignment=&#8221;center&#8221; onclick=&#8221;link_image&#8221; css=&#8221;.vc_custom_1649822348724{margin-top: 0px !important;margin-right: 0px !important;margin-bottom: 0px !important;margin-left: 0px !important;padding-top: 0px !important;padding-right: 0px !important;padding-bottom: 0px !important;padding-left: 0px !important;}&#8221;][\/vc_column_inner][\/vc_row_inner][\/vc_column][vc_column css_animation=&#8221;right-to-left&#8221; width=&#8221;1\/2&#8243; css=&#8221;.vc_custom_1649817021565{margin-top: 0px !important;margin-right: 0px !important;margin-bottom: 0px !important;margin-left: 0px !important;padding-top: 5% !important;padding-right: 5% !important;padding-bottom: 5% !important;padding-left: 5% !important;}&#8221; offset=&#8221;vc_col-sm-offset-0 vc_col-xs-12&#8243; el_class=&#8221;delay1&#8243;][vc_column_text css=&#8221;.vc_custom_1650537913272{margin-top: 20px !important;margin-right: 0px !important;margin-bottom: 20px !important;margin-left: 0px !important;padding-top: 0px !important;padding-right: 0px !important;padding-bottom: 0px !important;padding-left: 0px !important;}&#8221; text_color=&#8221;#000000&#8243; links_color=&#8221;#000000&#8243; links_color_hover=&#8221;#000000&#8243; font_size=&#8221;20&#8243; line_height=&#8221;30&#8243;]<\/p>\n<p style=\"text-align: left;\"><strong>Etkiyap Logo<\/strong><\/p>\n<ul>\n<li>Red: <a href=\"https:\/\/www.etkiyap.org\/wp-content\/uploads\/2022\/04\/etkiyap-logo-kirmizi-pdf.png\" target=\"_blank\" rel=\"noopener noreferrer\">PNG<\/a> | <a href=\"https:\/\/www.etkiyap.org\/wp-content\/uploads\/2022\/04\/etkiyap-logo-kirmizi-pdf.pdf\" target=\"_blank\" rel=\"noopener noreferrer\">PDF<\/a><\/li>\n<li>White: <a href=\"https:\/\/www.etkiyap.org\/wp-content\/uploads\/2022\/04\/etkiyap-logo-beyaz-png.png\" target=\"_blank\" rel=\"noopener noreferrer\">PNG<\/a> | <a href=\"https:\/\/www.etkiyap.org\/wp-content\/uploads\/2022\/04\/etkiyap-logo-beyaz-pdf.pdf\" target=\"_blank\" rel=\"noopener noreferrer\">PDF<\/a><\/li>\n<\/ul>\n<p><b>Impact Investing Association Logo<\/b><\/p>\n<ul>\n<li>Red: <a href=\"https:\/\/www.etkiyap.org\/wp-content\/uploads\/2022\/04\/etki-yatirimi-dernegi-logo-kirmizi-png.png\" target=\"_blank\" rel=\"noopener noreferrer\">PNG<\/a> | <a href=\"https:\/\/www.etkiyap.org\/wp-content\/uploads\/2022\/04\/etki-yatirimi-dernegi-logo-kirmizi-pdf.pdf\" target=\"_blank\" rel=\"noopener noreferrer\">PDF<\/a><\/li>\n<li>White: <a href=\"https:\/\/www.etkiyap.org\/wp-content\/uploads\/2022\/04\/etki-yatirimi-dernegi-logo-beyaz-png.png\" target=\"_blank\" rel=\"noopener noreferrer\">PNG<\/a> | <a href=\"https:\/\/www.etkiyap.org\/wp-content\/uploads\/2022\/04\/etki-yatirimi-dernegi-logo-beyaz-pdf.pdf\" target=\"_blank\" rel=\"noopener noreferrer\">PDF<\/a><\/li>\n<\/ul>\n<h3>Color Codes<\/h3>\n<ul>\n<li aria-level=\"1\">Red (Hex): #e84850<\/li>\n<li aria-level=\"1\">White (Hex): #ffffff<\/li>\n<\/ul>\n<h3>Social Media Hashtags<\/h3>\n<ul>\n<li aria-level=\"1\">#etkiyap<\/li>\n<li aria-level=\"1\">#etkiyat\u0131r\u0131m\u0131<\/li>\n<li aria-level=\"1\">#impactinvestingturkiye<\/li>\n<li aria-level=\"1\">#impinv<\/li>\n<\/ul>\n<p>[\/vc_column_text][\/vc_column][\/vc_row][\/vc_section]<\/p>\n","protected":false},"excerpt":{"rendered":"<p>[vc_section full_width=&#8221;stretch_row&#8221; css=&#8221;.vc_custom_1650223389000{margin-top: 0px !important;margin-right: 0px !important;margin-bottom: 0px !important;margin-left: 0px !important;border-top-width: 0px !important;border-right-width: 0px !important;border-bottom-width: 0px !important;border-left-width: 0px !important;padding-top: 0px !important;padding-bottom: 0px !important;background-image: url(https:\/\/www.etkiyap.org\/wp-content\/uploads\/2022\/04\/ID.png?id=6624) !important;background-position: center !important;background-repeat: no-repeat !important;background-size: cover !important;}&#8221;][vc_row full_width=&#8221;stretch_row&#8221; full_height=&#8221;yes&#8221; css=&#8221;.vc_custom_1649815803267{margin-top: 0px !important;margin-right: 0px !important;margin-bottom: 0px !important;margin-left: 0px !important;border-top-width: 0px !important;border-right-width: 0px !important;border-bottom-width: 0px !important;border-left-width: 0px !important;padding-top: 0px !important;padding-bottom: 0px !important;background: rgba(0,0,0,0.3) [&hellip;]<\/p>\n","protected":false},"author":1,"featured_media":0,"parent":0,"menu_order":0,"comment_status":"closed","ping_status":"closed","template":"template-homepage.php","meta":{"footnotes":""},"class_list":["post-7053","page","type-page","status-publish","hentry"],"acf":[],"_links":{"self":[{"href":"https:\/\/www.etkiyap.org\/en\/wp-json\/wp\/v2\/pages\/7053","targetHints":{"allow":["GET"]}}],"collection":[{"href":"https:\/\/www.etkiyap.org\/en\/wp-json\/wp\/v2\/pages"}],"about":[{"href":"https:\/\/www.etkiyap.org\/en\/wp-json\/wp\/v2\/types\/page"}],"author":[{"embeddable":true,"href":"https:\/\/www.etkiyap.org\/en\/wp-json\/wp\/v2\/users\/1"}],"replies":[{"embeddable":true,"href":"https:\/\/www.etkiyap.org\/en\/wp-json\/wp\/v2\/comments?post=7053"}],"version-history":[{"count":1,"href":"https:\/\/www.etkiyap.org\/en\/wp-json\/wp\/v2\/pages\/7053\/revisions"}],"predecessor-version":[{"id":7054,"href":"https:\/\/www.etkiyap.org\/en\/wp-json\/wp\/v2\/pages\/7053\/revisions\/7054"}],"wp:attachment":[{"href":"https:\/\/www.etkiyap.org\/en\/wp-json\/wp\/v2\/media?parent=7053"}],"curies":[{"name":"wp","href":"https:\/\/api.w.org\/{rel}","templated":true}]}}