{"id":7046,"date":"2022-04-13T03:55:11","date_gmt":"2022-04-13T03:55:11","guid":{"rendered":"https:\/\/www.etkiyap.org\/?page_id=7046"},"modified":"2022-04-21T10:30:07","modified_gmt":"2022-04-21T10:30:07","slug":"copyright","status":"publish","type":"page","link":"https:\/\/www.etkiyap.org\/en\/copyright\/","title":{"rendered":"Copyright"},"content":{"rendered":"<p>[vc_section full_width=&#8221;stretch_row&#8221; css=&#8221;.vc_custom_1650223514392{margin-top: 0px !important;margin-right: 0px !important;margin-bottom: 0px !important;margin-left: 0px !important;border-top-width: 0px !important;border-right-width: 0px !important;border-bottom-width: 0px !important;border-left-width: 0px !important;padding-top: 0px !important;padding-bottom: 0px !important;background-image: url(https:\/\/www.etkiyap.org\/wp-content\/uploads\/2022\/04\/copyright.png?id=6627) !important;background-position: center !important;background-repeat: no-repeat !important;background-size: cover !important;}&#8221;][vc_row full_width=&#8221;stretch_row&#8221; full_height=&#8221;yes&#8221; css=&#8221;.vc_custom_1649815803267{margin-top: 0px !important;margin-right: 0px !important;margin-bottom: 0px !important;margin-left: 0px !important;border-top-width: 0px !important;border-right-width: 0px !important;border-bottom-width: 0px !important;border-left-width: 0px !important;padding-top: 0px !important;padding-bottom: 0px !important;background: rgba(0,0,0,0.3) url(https:\/\/www.etkiyap.org\/wp-content\/uploads\/2022\/04\/herobg.png?id=5458) !important;*background-color: rgb(0,0,0) !important;}&#8221; el_id=&#8221;landing_hero&#8221;][vc_column css_animation=&#8221;left-to-right&#8221; width=&#8221;5\/6&#8243; css=&#8221;.vc_custom_1649815780333{margin-top: 0px !important;margin-right: 0px !important;margin-bottom: 0px !important;margin-left: 0px !important;border-top-width: 0px !important;border-right-width: 0px !important;border-bottom-width: 0px !important;border-left-width: 0px !important;padding-top: 0px !important;padding-bottom: 0px !important;}&#8221;][vc_custom_heading text=&#8221;Copyright&#8221; font_container=&#8221;tag:h2|font_size:20px|text_align:left|color:%23ffffff|line_height:1.5&#8243; use_theme_fonts=&#8221;yes&#8221; letter_spacing=&#8221;1&#8243; custom_font_weight=&#8221;900&#8243; css=&#8221;.vc_custom_1650536972327{margin-top: 0px !important;margin-right: 0px !important;margin-bottom: 0px !important;margin-left: 0px !important;padding-top: 0px !important;padding-right: 0px !important;padding-bottom: 0px !important;padding-left: 0px !important;}&#8221;][vc_separator color=&#8221;white&#8221; align=&#8221;align_left&#8221; border_width=&#8221;4&#8243; el_width=&#8221;10&#8243; css=&#8221;.vc_custom_1648808589708{margin-top: 10px !important;margin-bottom: 20px !important;border-top-width: 0px !important;border-right-width: 0px !important;border-bottom-width: 0px !important;border-left-width: 0px !important;padding-top: 0px !important;padding-right: 0px !important;padding-bottom: 0px !important;padding-left: 0px !important;}&#8221;][vc_custom_heading text=&#8221;All rights reserved.&#8221; font_container=&#8221;tag:h3|font_size:32px|text_align:left|color:%23ffffff|line_height:1.5&#8243; use_theme_fonts=&#8221;yes&#8221; letter_spacing=&#8221;1&#8243; custom_font_weight=&#8221;600&#8243; css=&#8221;.vc_custom_1650536982015{margin-top: 0px !important;margin-right: 0px !important;margin-bottom: 0px !important;margin-left: 0px !important;padding-top: 0px !important;padding-right: 0px !important;padding-bottom: 0px !important;padding-left: 0px !important;}&#8221;][vc_btn title=&#8221;Detailed Information&#8221; style=&#8221;outline-custom&#8221; outline_custom_color=&#8221;#ffffff&#8221; outline_custom_hover_background=&#8221;&#8221; outline_custom_hover_text=&#8221;&#8221; shape=&#8221;round&#8221; size=&#8221;lg&#8221; i_align=&#8221;right&#8221; i_icon_fontawesome=&#8221;fas fa-arrow-right&#8221; add_icon=&#8221;true&#8221; css=&#8221;.vc_custom_1650536990929{margin-top: 15px !important;margin-right: 0px !important;margin-bottom: 10px !important;margin-left: -5px !important;border-top-width: 0px !important;border-right-width: 0px !important;border-bottom-width: 0px !important;border-left-width: 0px !important;padding-top: 0px !important;padding-right: 0px !important;padding-bottom: 0px !important;padding-left: 0px !important;}&#8221; link=&#8221;url:%23section-2&#8243;][\/vc_column][\/vc_row][\/vc_section][vc_section full_width=&#8221;stretch_row&#8221; css=&#8221;.vc_custom_1649298897261{margin-top: -1px !important;margin-right: 0px !important;margin-bottom: 0px !important;margin-left: 0px !important;border-top-width: 0px !important;border-right-width: 0px !important;border-bottom-width: 0px !important;border-left-width: 0px !important;padding-top: 0px !important;padding-bottom: 0px !important;background-color: #ffffff !important;background-position: center !important;background-repeat: no-repeat !important;background-size: cover !important;}&#8221; el_id=&#8221;section-2&#8243;][vc_row full_width=&#8221;stretch_row&#8221; content_placement=&#8221;middle&#8221; css=&#8221;.vc_custom_1649816392300{margin-top: 0px !important;margin-right: 0px !important;margin-bottom: 0px !important;margin-left: 0px !important;border-top-width: 0px !important;border-right-width: 0px !important;border-bottom-width: 0px !important;border-left-width: 0px !important;padding-top: 30px !important;padding-bottom: 30px !important;}&#8221;][vc_column css_animation=&#8221;bottom-to-top&#8221; css=&#8221;.vc_custom_1649822098345{margin-top: 0px !important;margin-right: 0px !important;margin-bottom: 0px !important;margin-left: 0px !important;padding-top: 5% !important;padding-right: 5% !important;padding-bottom: 5% !important;padding-left: 5% !important;}&#8221; offset=&#8221;vc_col-sm-offset-0 vc_col-xs-12&#8243;][vc_column_text css=&#8221;.vc_custom_1650537003271{margin-top: 20px !important;margin-right: 0px !important;margin-bottom: 20px !important;margin-left: 0px !important;padding-top: 0px !important;padding-right: 0px !important;padding-bottom: 0px !important;padding-left: 0px !important;}&#8221; text_color=&#8221;#000000&#8243; links_color=&#8221;#000000&#8243; links_color_hover=&#8221;#000000&#8243; font_size=&#8221;20&#8243; line_height=&#8221;30&#8243;]All works and materials (text, picture, image, photo, video, music, etc.) included in the content of Etkiyap\u2019s website pertain to Etki Yat\u0131r\u0131m\u0131 Derne\u011fi, and are under protection within the scope of the Law No. 5846 on Intellectual and Artistic Works, the Turkish Commercial Code No. 6102 and the Turkish Penal Code No. 5237. Violations of these rights are subject to the legal and criminal sanctions contained in the Law no. 5846 on Intellectual and Artistic Works and the Turkish Penal Code No. 5237 and Etki Yat\u0131r\u0131m\u0131 Derne\u011fi has the right to initiate related legal proceedings.<\/p>\n<p>None of the materials provided on Etkiyap\u2019s website may be used, reproduced, or transmitted, in whole or in part, in any form or by any means, electronic or mechanical, including photocopying, recording or the use of any information storage and retrieval system without permission in writing from the publisher.<\/p>\n<p>The use of the works and materials on Etkiyap\u2019s website is limited to personal use and\/or information acquisition purposes. This data may only be downloaded or printed for non-commercial, informational, and personal use. However, reproduction acts carried out within this scope should not harm the legitimate interests of the beneficiary and should not constitute a violation of the normal use of the work.<\/p>\n<p>The works and written or visual materials contained on Etkiyap\u2019s website may not be completely or partially altered in any way, copyright statements may not be deleted or otherwise used on any other website without permission.<\/p>\n<p>News-related materials can only be used with appropriate reference and with permission of Etki Yat\u0131r\u0131m\u0131 Derne\u011fi.<\/p>\n<p>To request the required permissions or for more information please contact us from <a href=\"mailto:iletisim@etkiyap.org\">iletisim@etkiyap.org<\/a> email address.[\/vc_column_text][\/vc_column][\/vc_row][\/vc_section]<\/p>\n","protected":false},"excerpt":{"rendered":"<p>[vc_section full_width=&#8221;stretch_row&#8221; css=&#8221;.vc_custom_1650223514392{margin-top: 0px !important;margin-right: 0px !important;margin-bottom: 0px !important;margin-left: 0px !important;border-top-width: 0px !important;border-right-width: 0px !important;border-bottom-width: 0px !important;border-left-width: 0px !important;padding-top: 0px !important;padding-bottom: 0px !important;background-image: url(https:\/\/www.etkiyap.org\/wp-content\/uploads\/2022\/04\/copyright.png?id=6627) !important;background-position: center !important;background-repeat: no-repeat !important;background-size: cover !important;}&#8221;][vc_row full_width=&#8221;stretch_row&#8221; full_height=&#8221;yes&#8221; css=&#8221;.vc_custom_1649815803267{margin-top: 0px !important;margin-right: 0px !important;margin-bottom: 0px !important;margin-left: 0px !important;border-top-width: 0px !important;border-right-width: 0px !important;border-bottom-width: 0px !important;border-left-width: 0px !important;padding-top: 0px !important;padding-bottom: 0px !important;background: rgba(0,0,0,0.3) [&hellip;]<\/p>\n","protected":false},"author":1,"featured_media":0,"parent":0,"menu_order":0,"comment_status":"closed","ping_status":"closed","template":"template-homepage.php","meta":{"footnotes":""},"class_list":["post-7046","page","type-page","status-publish","hentry"],"acf":[],"_links":{"self":[{"href":"https:\/\/www.etkiyap.org\/en\/wp-json\/wp\/v2\/pages\/7046","targetHints":{"allow":["GET"]}}],"collection":[{"href":"https:\/\/www.etkiyap.org\/en\/wp-json\/wp\/v2\/pages"}],"about":[{"href":"https:\/\/www.etkiyap.org\/en\/wp-json\/wp\/v2\/types\/page"}],"author":[{"embeddable":true,"href":"https:\/\/www.etkiyap.org\/en\/wp-json\/wp\/v2\/users\/1"}],"replies":[{"embeddable":true,"href":"https:\/\/www.etkiyap.org\/en\/wp-json\/wp\/v2\/comments?post=7046"}],"version-history":[{"count":1,"href":"https:\/\/www.etkiyap.org\/en\/wp-json\/wp\/v2\/pages\/7046\/revisions"}],"predecessor-version":[{"id":7047,"href":"https:\/\/www.etkiyap.org\/en\/wp-json\/wp\/v2\/pages\/7046\/revisions\/7047"}],"wp:attachment":[{"href":"https:\/\/www.etkiyap.org\/en\/wp-json\/wp\/v2\/media?parent=7046"}],"curies":[{"name":"wp","href":"https:\/\/api.w.org\/{rel}","templated":true}]}}